{"id":414,"date":"2025-08-27T17:35:29","date_gmt":"2025-08-27T17:35:29","guid":{"rendered":"https:\/\/leekomotos.cl\/?post_type=product&#038;p=414"},"modified":"2025-09-22T14:35:49","modified_gmt":"2025-09-22T14:35:49","slug":"triciclo-de-carga-jdsl-160-copia","status":"publish","type":"product","link":"https:\/\/leekomotos.cl\/?product=triciclo-de-carga-jdsl-160-copia","title":{"rendered":"Triciclo de Carga JDSL-180"},"content":{"rendered":"<ul data-start=\"686\" data-end=\"886\">\n<li data-start=\"686\" data-end=\"701\">\n<p data-start=\"688\" data-end=\"701\">Motor:1500W<\/p>\n<\/li>\n<li data-start=\"704\" data-end=\"731\">\n<p data-start=\"706\" data-end=\"731\">Bater\u00eda: Plomo 48V 45Ah<\/p>\n<\/li>\n<li data-start=\"734\" data-end=\"764\">\n<p data-start=\"736\" data-end=\"764\">Tiempo de carga: 6\u20138 horas<\/p>\n<\/li>\n<li data-start=\"767\" data-end=\"796\">\n<p data-start=\"769\" data-end=\"796\">Velocidad m\u00e1xima: 30 &#8211; 35 km\/h<\/p>\n<\/li>\n<li data-start=\"799\" data-end=\"828\">\n<p data-start=\"801\" data-end=\"828\">Autonom\u00eda: 30\u201340 km\/carga<\/p>\n<\/li>\n<li data-start=\"831\" data-end=\"854\">\n<p data-start=\"833\" data-end=\"854\">Carga m\u00e1xima: 1200kg<\/p>\n<\/li>\n<li data-start=\"857\" data-end=\"886\">\n<p data-start=\"859\" data-end=\"886\">Tama\u00f1o: 320\u00d7 130\u00d7 135cm<\/p>\n<\/li>\n<\/ul>\n","protected":false},"excerpt":{"rendered":"<p>3 velocidades + retroceso, foco LED, frontal, luces intermitentes, asiento doble, alarma, control remoto,\u00a0 Sistema Dual.<\/p>\n","protected":false},"featured_media":423,"comment_status":"open","ping_status":"closed","template":"","meta":[],"product_brand":[],"product_cat":[19],"product_tag":[],"class_list":{"0":"post-414","1":"product","2":"type-product","3":"status-publish","4":"has-post-thumbnail","6":"product_cat-triciclo-de-carga","8":"first","9":"instock","10":"shipping-taxable","11":"purchasable","12":"product-type-variable"},"_links":{"self":[{"href":"https:\/\/leekomotos.cl\/index.php?rest_route=\/wp\/v2\/product\/414","targetHints":{"allow":["GET"]}}],"collection":[{"href":"https:\/\/leekomotos.cl\/index.php?rest_route=\/wp\/v2\/product"}],"about":[{"href":"https:\/\/leekomotos.cl\/index.php?rest_route=\/wp\/v2\/types\/product"}],"replies":[{"embeddable":true,"href":"https:\/\/leekomotos.cl\/index.php?rest_route=%2Fwp%2Fv2%2Fcomments&post=414"}],"wp:featuredmedia":[{"embeddable":true,"href":"https:\/\/leekomotos.cl\/index.php?rest_route=\/wp\/v2\/media\/423"}],"wp:attachment":[{"href":"https:\/\/leekomotos.cl\/index.php?rest_route=%2Fwp%2Fv2%2Fmedia&parent=414"}],"wp:term":[{"taxonomy":"product_brand","embeddable":true,"href":"https:\/\/leekomotos.cl\/index.php?rest_route=%2Fwp%2Fv2%2Fproduct_brand&post=414"},{"taxonomy":"product_cat","embeddable":true,"href":"https:\/\/leekomotos.cl\/index.php?rest_route=%2Fwp%2Fv2%2Fproduct_cat&post=414"},{"taxonomy":"product_tag","embeddable":true,"href":"https:\/\/leekomotos.cl\/index.php?rest_route=%2Fwp%2Fv2%2Fproduct_tag&post=414"}],"curies":[{"name":"wp","href":"https:\/\/api.w.org\/{rel}","templated":true}]}}