{"id":308,"date":"2025-08-27T16:16:21","date_gmt":"2025-08-27T16:16:21","guid":{"rendered":"https:\/\/leekomotos.cl\/?post_type=product&#038;p=308"},"modified":"2025-09-22T14:16:11","modified_gmt":"2025-09-22T14:16:11","slug":"triciclo-de-paseo-tj-gw-3","status":"publish","type":"product","link":"https:\/\/leekomotos.cl\/?product=triciclo-de-paseo-tj-gw-3","title":{"rendered":"Triciclo de paseo TJ-GW-3"},"content":{"rendered":"<ul data-start=\"686\" data-end=\"886\">\n<li data-start=\"686\" data-end=\"701\">\n<p data-start=\"688\" data-end=\"701\">Motor:500W<\/p>\n<\/li>\n<li data-start=\"704\" data-end=\"731\">\n<p data-start=\"706\" data-end=\"731\">Bater\u00eda: Plomo 48V 20Ah<\/p>\n<\/li>\n<li data-start=\"734\" data-end=\"764\">\n<p data-start=\"736\" data-end=\"764\">Tiempo de carga: 6\u20138 horas<\/p>\n<\/li>\n<li data-start=\"767\" data-end=\"796\">\n<p data-start=\"769\" data-end=\"796\">Velocidad m\u00e1xima: 35 km\/h<\/p>\n<\/li>\n<li data-start=\"799\" data-end=\"828\">\n<p data-start=\"801\" data-end=\"828\">Autonom\u00eda: 30\u201335 km\/carga<\/p>\n<\/li>\n<li data-start=\"831\" data-end=\"854\">\n<p data-start=\"833\" data-end=\"854\">Carga m\u00e1xima: 120 kg<\/p>\n<\/li>\n<li data-start=\"857\" data-end=\"886\">\n<p data-start=\"859\" data-end=\"886\">Tama\u00f1o: 146 \u00d7 75 \u00d7 112cm<\/p>\n<\/li>\n<\/ul>\n","protected":false},"excerpt":{"rendered":"<p>3 velocidades + retroceso, foco LED, frontal, luces intermitentes, asiento doble, alarma, control remoto.<\/p>\n","protected":false},"featured_media":315,"comment_status":"open","ping_status":"closed","template":"","meta":[],"product_brand":[],"product_cat":[18],"product_tag":[],"class_list":{"0":"post-308","1":"product","2":"type-product","3":"status-publish","4":"has-post-thumbnail","6":"product_cat-triciclo-de-paseo","8":"first","9":"instock","10":"shipping-taxable","11":"purchasable","12":"product-type-variable"},"_links":{"self":[{"href":"https:\/\/leekomotos.cl\/index.php?rest_route=\/wp\/v2\/product\/308","targetHints":{"allow":["GET"]}}],"collection":[{"href":"https:\/\/leekomotos.cl\/index.php?rest_route=\/wp\/v2\/product"}],"about":[{"href":"https:\/\/leekomotos.cl\/index.php?rest_route=\/wp\/v2\/types\/product"}],"replies":[{"embeddable":true,"href":"https:\/\/leekomotos.cl\/index.php?rest_route=%2Fwp%2Fv2%2Fcomments&post=308"}],"wp:featuredmedia":[{"embeddable":true,"href":"https:\/\/leekomotos.cl\/index.php?rest_route=\/wp\/v2\/media\/315"}],"wp:attachment":[{"href":"https:\/\/leekomotos.cl\/index.php?rest_route=%2Fwp%2Fv2%2Fmedia&parent=308"}],"wp:term":[{"taxonomy":"product_brand","embeddable":true,"href":"https:\/\/leekomotos.cl\/index.php?rest_route=%2Fwp%2Fv2%2Fproduct_brand&post=308"},{"taxonomy":"product_cat","embeddable":true,"href":"https:\/\/leekomotos.cl\/index.php?rest_route=%2Fwp%2Fv2%2Fproduct_cat&post=308"},{"taxonomy":"product_tag","embeddable":true,"href":"https:\/\/leekomotos.cl\/index.php?rest_route=%2Fwp%2Fv2%2Fproduct_tag&post=308"}],"curies":[{"name":"wp","href":"https:\/\/api.w.org\/{rel}","templated":true}]}}